{"id":1121,"date":"2022-03-15T17:52:37","date_gmt":"2022-03-15T17:52:37","guid":{"rendered":"http:\/\/www.ferri-benedetti.ch\/?page_id=1121"},"modified":"2024-05-07T19:33:42","modified_gmt":"2024-05-07T19:33:42","slug":"la-passione-di-gesu-cristo","status":"publish","type":"page","link":"https:\/\/www.ferri-benedetti.ch\/?page_id=1121","title":{"rendered":"La Passione"},"content":{"rendered":"\n<div class=\"wp-block-group is-layout-constrained wp-container-core-group-is-layout-23b1a4dc wp-block-group-is-layout-constrained\" style=\"border-width:3px;padding-top:var(--wp--preset--spacing--30);padding-right:var(--wp--preset--spacing--30);padding-bottom:var(--wp--preset--spacing--30);padding-left:var(--wp--preset--spacing--30)\">\n<h3 class=\"wp-block-heading has-text-align-center\">La Passione di Ges\u00f9 Cristo<\/h3>\n\n\n\n<h5 class=\"wp-block-heading has-text-align-center\">Libretto: Pietro Metastasio (1730)<br>Musica: Flavio Ferri-Benedetti (2012-2022)<\/h5>\n\n\n\n<p class=\"has-text-align-center\"><strong>Premiere \/ Urauff\u00fchrung<\/strong><\/p>\n\n\n\n<figure class=\"wp-block-image aligncenter\"><a href=\"https:\/\/www.ferri-benedetti.ch\/wp-content\/uploads\/2023\/01\/Captura-de-Pantalla-2023-01-11-a-las-16.02.26.png\"><img decoding=\"async\" width=\"729\" height=\"1024\" src=\"https:\/\/www.ferri-benedetti.ch\/wp-content\/uploads\/2023\/01\/Captura-de-Pantalla-2023-01-11-a-las-16.02.26-729x1024.png\" alt=\"\" class=\"wp-image-1170\" srcset=\"https:\/\/www.ferri-benedetti.ch\/wp-content\/uploads\/2023\/01\/Captura-de-Pantalla-2023-01-11-a-las-16.02.26-729x1024.png 729w, https:\/\/www.ferri-benedetti.ch\/wp-content\/uploads\/2023\/01\/Captura-de-Pantalla-2023-01-11-a-las-16.02.26-214x300.png 214w, https:\/\/www.ferri-benedetti.ch\/wp-content\/uploads\/2023\/01\/Captura-de-Pantalla-2023-01-11-a-las-16.02.26-768x1079.png 768w, https:\/\/www.ferri-benedetti.ch\/wp-content\/uploads\/2023\/01\/Captura-de-Pantalla-2023-01-11-a-las-16.02.26-1094x1536.png 1094w, https:\/\/www.ferri-benedetti.ch\/wp-content\/uploads\/2023\/01\/Captura-de-Pantalla-2023-01-11-a-las-16.02.26-1458x2048.png 1458w, https:\/\/www.ferri-benedetti.ch\/wp-content\/uploads\/2023\/01\/Captura-de-Pantalla-2023-01-11-a-las-16.02.26-43x60.png 43w, https:\/\/www.ferri-benedetti.ch\/wp-content\/uploads\/2023\/01\/Captura-de-Pantalla-2023-01-11-a-las-16.02.26.png 1756w\" sizes=\"(max-width: 729px) 100vw, 729px\" \/><\/a><\/figure>\n\n\n\n<p><\/p>\n\n\n\n<p>Nach 10 Jahre Arbeit werde ich endlich meine Vertonung der ber\u00fchmten Passion von Pietro Metastasio (Libretto aus 1730, erst vertont von Antonio Caldara in Wien) auff\u00fchren k\u00f6nnen. Die orchestrale Besetzung ist intim und typisch f\u00fcr ein italienisches Oratorio im Stil von 1720-1730 und basiert auf den Gef\u00fchlen der vier Hauptrollen. Die Urauff\u00fchrung wird auch im Rahmen des 150. Jubil\u00e4um der Christkatholische Kirche stattfinden, und dabei an der wundersch\u00f6nen Predigerkirche Basel.<\/p>\n\n\n\n<figure class=\"wp-block-embed is-type-video is-provider-youtube wp-block-embed-youtube wp-embed-aspect-16-9 wp-has-aspect-ratio\"><div class=\"wp-block-embed__wrapper\">\n<iframe title=\"La Passione di Ges\u00f9 Cristo (Ferri-Benedetti &amp; Metastasio) - World Premiere Basel 2023 - Full Video\" width=\"500\" height=\"281\" src=\"https:\/\/www.youtube.com\/embed\/GAm6FvxpwMs?feature=oembed\" frameborder=\"0\" allow=\"accelerometer; autoplay; clipboard-write; encrypted-media; gyroscope; picture-in-picture; web-share\" referrerpolicy=\"strict-origin-when-cross-origin\" allowfullscreen><\/iframe>\n<\/div><\/figure>\n\n\n\n<p><strong>BUY THE FULL SCORE \/ PARTITUR KAUFEN<\/strong>: <a href=\"https:\/\/mybook.to\/dQ9Mk\" target=\"_blank\" rel=\"noreferrer noopener\">https:\/\/mybook.to\/dQ9Mk<\/a>&nbsp;<\/p>\n\n\n\n<p><strong>LISTEN TO THE RADIO BROADCAST<\/strong>: <a href=\"https:\/\/www.srf.ch\/audio\/im-konzertsaal\/wie-von-haendel-und-doch-ganz-neu-la-passione-di-gesu-cristo?id=12541478\">https:\/\/www.srf.ch\/audio\/im-konzertsaal\/wie-von-haendel-und-doch-ganz-neu-la-passione-di-gesu-cristo?id=12541478<\/a><\/p>\n\n\n\n<hr class=\"wp-block-separator has-alpha-channel-opacity\"\/>\n\n\n\n<div style=\"height:29px\" aria-hidden=\"true\" class=\"wp-block-spacer\"><\/div>\n\n\n\n<p><strong>BESETZUNG f\u00fcr die URAUFF\u00dcHRUNG:<\/strong><\/p>\n\n\n\n<p><strong>Maria Magdalena<\/strong>\u00a0 \u00a0 \u00a0 H\u00e9l\u00e8ne Walter (Sopran)<br><strong>Petrus \u00a0 \u00a0<\/strong>\u00a0 \u00a0 \u00a0 \u00a0 \u00a0 \u00a0 \u00a0 \u00a0 \u00a0 \u00a0 \u00a0Arnaud Gluck (Altus)<br><strong>Johannes<\/strong>\u00a0 \u00a0 \u00a0 \u00a0 \u00a0 \u00a0 \u00a0 \u00a0 \u00a0 \u00a0Rodrigo Carreto (Tenor)<br><strong>Joseph von Arimath\u00e4a<\/strong> \u00a0 Jan Kuhar (Bass)<\/p>\n\n\n\n<p><\/p>\n\n\n\n<p><strong>CORO RIPIENO<\/strong><\/p>\n\n\n\n<p>Ana\u00eds Benito (Sopran) \u2013 Ana Mar\u00eda Fonseca (Mezzo)<br>Dan Dunkelblum (Tenor) \u2013 Jorge Escutia (Bass-Baritone)<\/p>\n\n\n\n<p><\/p>\n\n\n\n<p><strong>IL BASILICO <\/strong><\/p>\n\n\n\n<p><strong>Oboe &nbsp; &nbsp; &nbsp; &nbsp; &nbsp; &nbsp; &nbsp; &nbsp; &nbsp; &nbsp;&nbsp;<\/strong>Katharina Andres<strong><br>Primo Violino &nbsp; &nbsp; &nbsp;<\/strong> Eva Saladin&nbsp;<strong>(Concertino)<\/strong><br><strong>Secondo Violino<\/strong>&nbsp; Sonoko Asabuki<br><strong>Viola<\/strong>&nbsp; &nbsp; &nbsp; &nbsp; &nbsp; &nbsp; &nbsp; &nbsp; &nbsp; &nbsp; &nbsp;Matthias Klenota<br><strong>Violoncello<\/strong>&nbsp; &nbsp; &nbsp; &nbsp; &nbsp; Am\u00e9lie Chemin<br><strong>Violone<\/strong>&nbsp; &nbsp; &nbsp; &nbsp; &nbsp; &nbsp; &nbsp; &nbsp; Fred Uhlig<\/p>\n\n\n\n<p><strong>Organo &nbsp; &nbsp; &nbsp; &nbsp; &nbsp; &nbsp; &nbsp; &nbsp;<\/strong>Joan Boronat Sanz<br><strong>Tiorba &nbsp; &nbsp; &nbsp; &nbsp; &nbsp; &nbsp; &nbsp; &nbsp; &nbsp;<\/strong>Maria Ferr\u00e9<\/p>\n\n\n\n<hr class=\"wp-block-separator has-alpha-channel-opacity\"\/>\n\n\n\n<div style=\"height:26px\" aria-hidden=\"true\" class=\"wp-block-spacer\"><\/div>\n\n\n\n<p><strong>Freitag 24. M\u00e4rz 2023 &#8211; 19:00 Uhr<br>Predigerkirche &#8211;\u00a0<\/strong><strong>BASEL (CH)<\/strong><\/p>\n\n\n\n<p><strong>Mit Unterst\u00fctzung von<\/strong><\/p>\n\n\n\n<div class=\"wp-block-columns is-layout-flex wp-container-core-columns-is-layout-28f84493 wp-block-columns-is-layout-flex\">\n<div class=\"wp-block-column is-layout-flow wp-block-column-is-layout-flow\" style=\"flex-basis:100%\">\n<div class=\"wp-block-group is-layout-constrained wp-block-group-is-layout-constrained\">\n<figure class=\"wp-block-image alignleft is-resized\"><a href=\"https:\/\/www.ferri-benedetti.ch\/wp-content\/uploads\/2022\/03\/9824a917-5e01-4c0e-95f5-43bbe5865ca7.jpeg\"><img decoding=\"async\" width=\"271\" height=\"175\" src=\"https:\/\/www.ferri-benedetti.ch\/wp-content\/uploads\/2022\/03\/9824a917-5e01-4c0e-95f5-43bbe5865ca7.jpeg\" alt=\"\" class=\"wp-image-1124\" style=\"width:210px;height:136px\"\/><\/a><\/figure>\n\n\n\n<figure class=\"wp-block-image alignleft is-resized\"><a href=\"https:\/\/www.ferri-benedetti.ch\/wp-content\/uploads\/2022\/04\/Captura-de-Pantalla-2022-04-21-a-las-12.23.45.png\"><img decoding=\"async\" width=\"542\" height=\"556\" src=\"https:\/\/www.ferri-benedetti.ch\/wp-content\/uploads\/2022\/04\/Captura-de-Pantalla-2022-04-21-a-las-12.23.45.png\" alt=\"\" class=\"wp-image-1146\" style=\"width:169px;height:173px\" srcset=\"https:\/\/www.ferri-benedetti.ch\/wp-content\/uploads\/2022\/04\/Captura-de-Pantalla-2022-04-21-a-las-12.23.45.png 542w, https:\/\/www.ferri-benedetti.ch\/wp-content\/uploads\/2022\/04\/Captura-de-Pantalla-2022-04-21-a-las-12.23.45-292x300.png 292w, https:\/\/www.ferri-benedetti.ch\/wp-content\/uploads\/2022\/04\/Captura-de-Pantalla-2022-04-21-a-las-12.23.45-58x60.png 58w\" sizes=\"(max-width: 542px) 100vw, 542px\" \/><\/a><\/figure>\n\n\n\n<figure class=\"wp-block-image alignleft is-resized\"><a href=\"https:\/\/www.ferri-benedetti.ch\/wp-content\/uploads\/2022\/06\/image3012.png\"><img decoding=\"async\" width=\"238\" height=\"401\" src=\"https:\/\/www.ferri-benedetti.ch\/wp-content\/uploads\/2022\/06\/image3012.png\" alt=\"\" class=\"wp-image-1158\" style=\"width:123px;height:207px\" srcset=\"https:\/\/www.ferri-benedetti.ch\/wp-content\/uploads\/2022\/06\/image3012.png 238w, https:\/\/www.ferri-benedetti.ch\/wp-content\/uploads\/2022\/06\/image3012-178x300.png 178w, https:\/\/www.ferri-benedetti.ch\/wp-content\/uploads\/2022\/06\/image3012-36x60.png 36w\" sizes=\"(max-width: 238px) 100vw, 238px\" \/><\/a><\/figure>\n\n\n\n<figure class=\"wp-block-image alignleft is-resized\"><a href=\"https:\/\/www.ferri-benedetti.ch\/wp-content\/uploads\/2022\/06\/Captura-de-Pantalla-2022-06-12-a-las-21.18.43.png\"><img decoding=\"async\" width=\"562\" height=\"356\" src=\"https:\/\/www.ferri-benedetti.ch\/wp-content\/uploads\/2022\/06\/Captura-de-Pantalla-2022-06-12-a-las-21.18.43.png\" alt=\"\" class=\"wp-image-1161\" style=\"width:174px;height:110px\" srcset=\"https:\/\/www.ferri-benedetti.ch\/wp-content\/uploads\/2022\/06\/Captura-de-Pantalla-2022-06-12-a-las-21.18.43.png 562w, https:\/\/www.ferri-benedetti.ch\/wp-content\/uploads\/2022\/06\/Captura-de-Pantalla-2022-06-12-a-las-21.18.43-300x190.png 300w, https:\/\/www.ferri-benedetti.ch\/wp-content\/uploads\/2022\/06\/Captura-de-Pantalla-2022-06-12-a-las-21.18.43-95x60.png 95w\" sizes=\"(max-width: 562px) 100vw, 562px\" \/><\/a><\/figure>\n\n\n\n<figure class=\"wp-block-image alignleft is-resized\"><a href=\"https:\/\/www.ferri-benedetti.ch\/wp-content\/uploads\/2022\/05\/Logo_Sulger-Stiftung.jpg\"><img decoding=\"async\" width=\"652\" height=\"132\" src=\"https:\/\/www.ferri-benedetti.ch\/wp-content\/uploads\/2022\/05\/Logo_Sulger-Stiftung.jpg\" alt=\"\" class=\"wp-image-1157\" style=\"width:140px;height:28px\" srcset=\"https:\/\/www.ferri-benedetti.ch\/wp-content\/uploads\/2022\/05\/Logo_Sulger-Stiftung.jpg 652w, https:\/\/www.ferri-benedetti.ch\/wp-content\/uploads\/2022\/05\/Logo_Sulger-Stiftung-300x61.jpg 300w, https:\/\/www.ferri-benedetti.ch\/wp-content\/uploads\/2022\/05\/Logo_Sulger-Stiftung-296x60.jpg 296w\" sizes=\"(max-width: 652px) 100vw, 652px\" \/><\/a><\/figure>\n\n\n\n<figure class=\"wp-block-image alignleft is-resized\"><a href=\"https:\/\/www.ferri-benedetti.ch\/wp-content\/uploads\/2022\/07\/images.png\"><img decoding=\"async\" width=\"367\" height=\"137\" src=\"https:\/\/www.ferri-benedetti.ch\/wp-content\/uploads\/2022\/07\/images.png\" alt=\"\" class=\"wp-image-1163\" style=\"width:150px;height:56px\" srcset=\"https:\/\/www.ferri-benedetti.ch\/wp-content\/uploads\/2022\/07\/images.png 367w, https:\/\/www.ferri-benedetti.ch\/wp-content\/uploads\/2022\/07\/images-300x112.png 300w, https:\/\/www.ferri-benedetti.ch\/wp-content\/uploads\/2022\/07\/images-161x60.png 161w\" sizes=\"(max-width: 367px) 100vw, 367px\" \/><\/a><\/figure>\n<\/div>\n<\/div>\n<\/div>\n\n\n\n<figure class=\"wp-block-image size-large is-resized\"><a href=\"https:\/\/www.ferri-benedetti.ch\/wp-content\/uploads\/2024\/02\/Image-27.02.2024-at-14.12-1.jpg\"><img decoding=\"async\" width=\"728\" height=\"1024\" src=\"https:\/\/www.ferri-benedetti.ch\/wp-content\/uploads\/2024\/02\/Image-27.02.2024-at-14.12-1-728x1024.jpg\" alt=\"\" class=\"wp-image-1303\" style=\"width:745px;height:auto\" srcset=\"https:\/\/www.ferri-benedetti.ch\/wp-content\/uploads\/2024\/02\/Image-27.02.2024-at-14.12-1-728x1024.jpg 728w, https:\/\/www.ferri-benedetti.ch\/wp-content\/uploads\/2024\/02\/Image-27.02.2024-at-14.12-1-213x300.jpg 213w, https:\/\/www.ferri-benedetti.ch\/wp-content\/uploads\/2024\/02\/Image-27.02.2024-at-14.12-1-768x1080.jpg 768w, https:\/\/www.ferri-benedetti.ch\/wp-content\/uploads\/2024\/02\/Image-27.02.2024-at-14.12-1-1092x1536.jpg 1092w, https:\/\/www.ferri-benedetti.ch\/wp-content\/uploads\/2024\/02\/Image-27.02.2024-at-14.12-1-1456x2048.jpg 1456w, https:\/\/www.ferri-benedetti.ch\/wp-content\/uploads\/2024\/02\/Image-27.02.2024-at-14.12-1.jpg 1482w\" sizes=\"(max-width: 728px) 100vw, 728px\" \/><\/a><\/figure>\n\n\n\n<figure class=\"wp-block-image\"><a href=\"https:\/\/www.ferri-benedetti.ch\/wp-content\/uploads\/2022\/03\/DT7692-scaled.jpg\"><img decoding=\"async\" width=\"617\" height=\"1024\" src=\"https:\/\/www.ferri-benedetti.ch\/wp-content\/uploads\/2022\/03\/DT7692-617x1024.jpg\" alt=\"\" class=\"wp-image-1122\" srcset=\"https:\/\/www.ferri-benedetti.ch\/wp-content\/uploads\/2022\/03\/DT7692-617x1024.jpg 617w, https:\/\/www.ferri-benedetti.ch\/wp-content\/uploads\/2022\/03\/DT7692-181x300.jpg 181w, https:\/\/www.ferri-benedetti.ch\/wp-content\/uploads\/2022\/03\/DT7692-768x1274.jpg 768w, https:\/\/www.ferri-benedetti.ch\/wp-content\/uploads\/2022\/03\/DT7692-926x1536.jpg 926w, https:\/\/www.ferri-benedetti.ch\/wp-content\/uploads\/2022\/03\/DT7692-1235x2048.jpg 1235w, https:\/\/www.ferri-benedetti.ch\/wp-content\/uploads\/2022\/03\/DT7692-scaled.jpg 1543w\" sizes=\"(max-width: 617px) 100vw, 617px\" \/><\/a><\/figure>\n\n\n\n<p><\/p>\n\n\n\n<p>Scipione Pulzone &#8211; Lamentatio 1593<\/p>\n<\/div>\n","protected":false},"excerpt":{"rendered":"<p>La Passione di Ges\u00f9 Cristo Libretto: Pietro Metastasio (1730)Musica: Flavio Ferri-Benedetti (2012-2022) Premiere \/ Urauff\u00fchrung Nach 10 Jahre Arbeit werde ich endlich meine Vertonung der ber\u00fchmten Passion von Pietro Metastasio (Libretto aus 1730, erst vertont von Antonio Caldara in Wien) auff\u00fchren k\u00f6nnen. Die orchestrale Besetzung ist intim und typisch f\u00fcr ein italienisches Oratorio im Stil von 1720-1730 und basiert auf den Gef\u00fchlen der vier Hauptrollen. Die Urauff\u00fchrung wird auch im Rahmen des 150. Jubil\u00e4um der Christkatholische Kirche stattfinden, und dabei an der wundersch\u00f6nen Predigerkirche Basel. BUY THE FULL SCORE \/ PARTITUR KAUFEN: https:\/\/mybook.to\/dQ9Mk&nbsp; LISTEN TO THE RADIO BROADCAST: https:\/\/www.srf.ch\/audio\/im-konzertsaal\/wie-von-haendel-und-doch-ganz-neu-la-passione-di-gesu-cristo?id=12541478 BESETZUNG<\/p>\n","protected":false},"author":1,"featured_media":0,"parent":0,"menu_order":22,"comment_status":"closed","ping_status":"closed","template":"","meta":{"footnotes":""},"class_list":["post-1121","page","type-page","status-publish","hentry"],"_links":{"self":[{"href":"https:\/\/www.ferri-benedetti.ch\/index.php?rest_route=\/wp\/v2\/pages\/1121","targetHints":{"allow":["GET"]}}],"collection":[{"href":"https:\/\/www.ferri-benedetti.ch\/index.php?rest_route=\/wp\/v2\/pages"}],"about":[{"href":"https:\/\/www.ferri-benedetti.ch\/index.php?rest_route=\/wp\/v2\/types\/page"}],"author":[{"embeddable":true,"href":"https:\/\/www.ferri-benedetti.ch\/index.php?rest_route=\/wp\/v2\/users\/1"}],"replies":[{"embeddable":true,"href":"https:\/\/www.ferri-benedetti.ch\/index.php?rest_route=%2Fwp%2Fv2%2Fcomments&post=1121"}],"version-history":[{"count":0,"href":"https:\/\/www.ferri-benedetti.ch\/index.php?rest_route=\/wp\/v2\/pages\/1121\/revisions"}],"wp:attachment":[{"href":"https:\/\/www.ferri-benedetti.ch\/index.php?rest_route=%2Fwp%2Fv2%2Fmedia&parent=1121"}],"curies":[{"name":"wp","href":"https:\/\/api.w.org\/{rel}","templated":true}]}}