{"id":236,"date":"2010-11-15T20:25:18","date_gmt":"2010-11-15T20:25:18","guid":{"rendered":"http:\/\/www.ferri-benedetti.ch\/?page_id=236"},"modified":"2025-04-25T06:15:23","modified_gmt":"2025-04-25T06:15:23","slug":"guestbook","status":"publish","type":"page","link":"https:\/\/www.ferri-benedetti.ch\/?page_id=236","title":{"rendered":"Contact"},"content":{"rendered":"\n<p class=\"has-text-align-center\"><strong>CONTACT!<\/strong><\/p>\n\n\n\n<figure class=\"wp-block-image aligncenter size-large is-resized has-custom-border is-style-rounded wp-duotone-unset-1\" style=\"margin-top:var(--wp--preset--spacing--30);margin-right:0;margin-bottom:var(--wp--preset--spacing--30);margin-left:0\"><a href=\"https:\/\/www.ferri-benedetti.ch\/wp-content\/uploads\/2024\/05\/2024-05-01-Flavio-Ferri-Benedetti106519-copy.jpg\"><img decoding=\"async\" width=\"1024\" height=\"682\" src=\"https:\/\/www.ferri-benedetti.ch\/wp-content\/uploads\/2024\/05\/2024-05-01-Flavio-Ferri-Benedetti106519-copy-1024x682.jpg\" alt=\"\" class=\"wp-image-1333\" style=\"border-style:none;border-width:0px;border-radius:100px;width:428px;height:auto\" srcset=\"https:\/\/www.ferri-benedetti.ch\/wp-content\/uploads\/2024\/05\/2024-05-01-Flavio-Ferri-Benedetti106519-copy-1024x682.jpg 1024w, https:\/\/www.ferri-benedetti.ch\/wp-content\/uploads\/2024\/05\/2024-05-01-Flavio-Ferri-Benedetti106519-copy-300x200.jpg 300w, https:\/\/www.ferri-benedetti.ch\/wp-content\/uploads\/2024\/05\/2024-05-01-Flavio-Ferri-Benedetti106519-copy-768x512.jpg 768w, https:\/\/www.ferri-benedetti.ch\/wp-content\/uploads\/2024\/05\/2024-05-01-Flavio-Ferri-Benedetti106519-copy-1536x1024.jpg 1536w, https:\/\/www.ferri-benedetti.ch\/wp-content\/uploads\/2024\/05\/2024-05-01-Flavio-Ferri-Benedetti106519-copy-2048x1365.jpg 2048w\" sizes=\"(max-width: 1024px) 100vw, 1024px\" \/><\/a><\/figure>\n\n\n\n<p class=\"has-text-align-center\"><strong>You can write me an email at &lt;flavio @ ferri-benedetti.ch> <\/strong>_ I will reply as soon possible \ud83d\ude42 Thank you!<\/p>\n\n\n\n<p class=\"has-text-align-center\"><strong>Sie k\u00f6nnen mir eine E-Mail an &lt;flavio @ ferri-benedetti.ch> schreiben.<\/strong> Ich werde Ihnen so schnell wie m\u00f6glich antworten \ud83d\ude42 Vielen Dank!<\/p>\n\n\n\n<p class=\"has-text-align-center\"><strong>Potete scrivermi un&#8217;e-mail all&#8217;indirizzo &lt;flavio @ ferri-benedetti.ch> <\/strong>Risponder\u00f2 il prima possibile \ud83d\ude42 Grazie!<\/p>\n\n\n\n<p class=\"has-text-align-center\"><strong>Pueden escribirme un correo electr\u00f3nico a &lt;flavio @ ferri-benedetti.ch>.<\/strong> Responder\u00e9 lo antes posible \ud83d\ude42 \u00a1Gracias!<\/p>\n\n\n\n<p class=\"has-text-align-center\"><strong>Vous pouvez m&#8217;envoyer un e-mail \u00e0 &lt;flavio @ ferri-benedetti.ch>. <\/strong>Je vous r\u00e9pondrai dans les plus brefs d\u00e9lais \ud83d\ude42 Merci !<\/p>\n\n\n\n<p><\/p>\n","protected":false},"excerpt":{"rendered":"<p>CONTACT! You can write me an email at &lt;flavio @ ferri-benedetti.ch> _ I will reply as soon possible \ud83d\ude42 Thank you! Sie k\u00f6nnen mir eine E-Mail an &lt;flavio @ ferri-benedetti.ch> schreiben. Ich werde Ihnen so schnell wie m\u00f6glich antworten \ud83d\ude42 Vielen Dank! Potete scrivermi un&#8217;e-mail all&#8217;indirizzo &lt;flavio @ ferri-benedetti.ch> Risponder\u00f2 il prima possibile \ud83d\ude42 Grazie! Pueden escribirme un correo electr\u00f3nico a &lt;flavio @ ferri-benedetti.ch>. Responder\u00e9 lo antes posible \ud83d\ude42 \u00a1Gracias! Vous pouvez m&#8217;envoyer un e-mail \u00e0 &lt;flavio @ ferri-benedetti.ch>. Je vous r\u00e9pondrai dans les plus brefs d\u00e9lais \ud83d\ude42 Merci !<\/p>\n","protected":false},"author":1,"featured_media":0,"parent":0,"menu_order":50,"comment_status":"closed","ping_status":"closed","template":"","meta":{"footnotes":""},"class_list":["post-236","page","type-page","status-publish","hentry"],"_links":{"self":[{"href":"https:\/\/www.ferri-benedetti.ch\/index.php?rest_route=\/wp\/v2\/pages\/236","targetHints":{"allow":["GET"]}}],"collection":[{"href":"https:\/\/www.ferri-benedetti.ch\/index.php?rest_route=\/wp\/v2\/pages"}],"about":[{"href":"https:\/\/www.ferri-benedetti.ch\/index.php?rest_route=\/wp\/v2\/types\/page"}],"author":[{"embeddable":true,"href":"https:\/\/www.ferri-benedetti.ch\/index.php?rest_route=\/wp\/v2\/users\/1"}],"replies":[{"embeddable":true,"href":"https:\/\/www.ferri-benedetti.ch\/index.php?rest_route=%2Fwp%2Fv2%2Fcomments&post=236"}],"version-history":[{"count":0,"href":"https:\/\/www.ferri-benedetti.ch\/index.php?rest_route=\/wp\/v2\/pages\/236\/revisions"}],"wp:attachment":[{"href":"https:\/\/www.ferri-benedetti.ch\/index.php?rest_route=%2Fwp%2Fv2%2Fmedia&parent=236"}],"curies":[{"name":"wp","href":"https:\/\/api.w.org\/{rel}","templated":true}]}}